{"id":151,"date":"2018-08-01T07:00:27","date_gmt":"2018-08-01T05:00:27","guid":{"rendered":"http:\/\/scandinavianeyewear.s03.oasreklam.se\/?page_id=151&#038;lang=en"},"modified":"2024-11-28T13:05:06","modified_gmt":"2024-11-28T12:05:06","slug":"scandinavians-largest-manufacturers-distributors-of-eyewear-and-sunwear-since-1948-subsidary-to-marchon-eyewear","status":"publish","type":"page","link":"https:\/\/scandinavianeyewear.se\/en\/","title":{"rendered":"Scandinavian Eyewear is a genuine Swedish company that has worked with eyewear since 1948. For almost 70 years eyewear have been designed, developed and at times manufactured at the same location in the deepest forests of J\u00f6nk\u00f6ping, Sm\u00e5land, Sweden."},"content":{"rendered":"","protected":false},"excerpt":{"rendered":"","protected":false},"author":2,"featured_media":0,"parent":0,"menu_order":0,"comment_status":"closed","ping_status":"open","template":"template-start.php","meta":{"_acf_changed":false,"footnotes":""},"class_list":["post-151","page","type-page","status-publish","hentry"],"acf":[],"_links":{"self":[{"href":"https:\/\/scandinavianeyewear.se\/en\/wp-json\/wp\/v2\/pages\/151","targetHints":{"allow":["GET"]}}],"collection":[{"href":"https:\/\/scandinavianeyewear.se\/en\/wp-json\/wp\/v2\/pages"}],"about":[{"href":"https:\/\/scandinavianeyewear.se\/en\/wp-json\/wp\/v2\/types\/page"}],"author":[{"embeddable":true,"href":"https:\/\/scandinavianeyewear.se\/en\/wp-json\/wp\/v2\/users\/2"}],"replies":[{"embeddable":true,"href":"https:\/\/scandinavianeyewear.se\/en\/wp-json\/wp\/v2\/comments?post=151"}],"version-history":[{"count":26,"href":"https:\/\/scandinavianeyewear.se\/en\/wp-json\/wp\/v2\/pages\/151\/revisions"}],"predecessor-version":[{"id":5575,"href":"https:\/\/scandinavianeyewear.se\/en\/wp-json\/wp\/v2\/pages\/151\/revisions\/5575"}],"wp:attachment":[{"href":"https:\/\/scandinavianeyewear.se\/en\/wp-json\/wp\/v2\/media?parent=151"}],"curies":[{"name":"wp","href":"https:\/\/api.w.org\/{rel}","templated":true}]}}